{"id":7,"date":"2024-11-13T10:40:26","date_gmt":"2024-11-13T10:40:26","guid":{"rendered":"https:\/\/izarostworowska.eu\/?page_id=7"},"modified":"2025-10-06T16:24:31","modified_gmt":"2025-10-06T16:24:31","slug":"iza-rostworowska","status":"publish","type":"page","link":"https:\/\/izarostworowska.eu\/","title":{"rendered":"Iza Rostworowska"},"content":{"rendered":"\n<div class=\"wp-block-cover alignfull is-light has-contrast-color has-text-color has-link-color wp-elements-575a0754c2ff99adf85c24dddbc5296d\" style=\"margin-top:0;margin-bottom:0;padding-top:var(--wp--preset--spacing--60);padding-right:var(--wp--preset--spacing--50);padding-bottom:var(--wp--preset--spacing--60);padding-left:var(--wp--preset--spacing--50)\"><span aria-hidden=\"true\" class=\"wp-block-cover__background has-base-background-color has-background-dim-100 has-background-dim\"><\/span><div class=\"wp-block-cover__inner-container has-global-padding is-layout-constrained wp-container-core-cover-is-layout-873ee6b1 wp-block-cover-is-layout-constrained\">\n<div class=\"wp-block-columns alignwide is-layout-flex wp-container-core-columns-is-layout-7ee84d44 wp-block-columns-is-layout-flex\">\n<div class=\"wp-block-column is-layout-flow wp-block-column-is-layout-flow\" style=\"flex-basis:65%\">\n<div class=\"wp-block-group is-vertical is-content-justification-stretch is-layout-flex wp-container-core-group-is-layout-353c4f5a wp-block-group-is-layout-flex\">\n<h2 class=\"wp-block-heading has-text-align-left\" style=\"font-size:clamp(1.25rem, 1.25rem + ((1vw - 0.2rem) * 1.176), 2rem);font-style:normal;font-weight:300;letter-spacing:-0.03em;line-height:1.4\">Absolwentka  Wydzia\u0142u Architektury Wn\u0119trz i  Scenografii ASP w Krakowie, 1984.<br><br>Tworzy rze\u017aby z br\u0105zu, wykonane  metod\u0105 wosku traconego.     <br>        <br>Wsp\u00f3\u0142pracuje z Galeri\u0105 BB oraz z Galeri\u0105 Go\u0142og\u00f3rski w Krakowie oraz licznymi innymi, w tym w Szczecinie, we Wroc\u0142awiu, Londynie.<\/h2>\n\n\n\n<figure class=\"wp-block-gallery has-nested-images columns-default is-cropped wp-block-gallery-1 is-layout-flex wp-block-gallery-is-layout-flex\">\n<figure class=\"wp-block-image size-large\"><img loading=\"lazy\" decoding=\"async\" width=\"681\" height=\"1024\" data-id=\"69\" src=\"https:\/\/izarostworowska.eu\/wp-content\/uploads\/2025\/10\/D78_3919.jpg\" alt=\"\" class=\"wp-image-69\" srcset=\"https:\/\/izarostworowska.eu\/wp-content\/uploads\/2025\/10\/D78_3919.jpg 681w, https:\/\/izarostworowska.eu\/wp-content\/uploads\/2025\/10\/D78_3919-200x300.jpg 200w\" sizes=\"auto, (max-width: 681px) 100vw, 681px\" \/><\/figure>\n\n\n\n<figure class=\"wp-block-image size-large\"><img loading=\"lazy\" decoding=\"async\" width=\"1024\" height=\"681\" data-id=\"75\" src=\"https:\/\/izarostworowska.eu\/wp-content\/uploads\/2025\/10\/D78_3983.jpg\" alt=\"\" class=\"wp-image-75\" srcset=\"https:\/\/izarostworowska.eu\/wp-content\/uploads\/2025\/10\/D78_3983.jpg 1024w, https:\/\/izarostworowska.eu\/wp-content\/uploads\/2025\/10\/D78_3983-300x200.jpg 300w, https:\/\/izarostworowska.eu\/wp-content\/uploads\/2025\/10\/D78_3983-768x511.jpg 768w\" sizes=\"auto, (max-width: 1024px) 100vw, 1024px\" \/><\/figure>\n\n\n\n<figure class=\"wp-block-image size-large\"><img loading=\"lazy\" decoding=\"async\" width=\"681\" height=\"1024\" data-id=\"70\" src=\"https:\/\/izarostworowska.eu\/wp-content\/uploads\/2025\/10\/D78_3925.jpg\" alt=\"\" class=\"wp-image-70\" srcset=\"https:\/\/izarostworowska.eu\/wp-content\/uploads\/2025\/10\/D78_3925.jpg 681w, https:\/\/izarostworowska.eu\/wp-content\/uploads\/2025\/10\/D78_3925-200x300.jpg 200w\" sizes=\"auto, (max-width: 681px) 100vw, 681px\" \/><\/figure>\n\n\n\n<figure class=\"wp-block-image size-large\"><img loading=\"lazy\" decoding=\"async\" width=\"681\" height=\"1024\" data-id=\"71\" src=\"https:\/\/izarostworowska.eu\/wp-content\/uploads\/2025\/10\/D78_3930.jpg\" alt=\"\" class=\"wp-image-71\" srcset=\"https:\/\/izarostworowska.eu\/wp-content\/uploads\/2025\/10\/D78_3930.jpg 681w, https:\/\/izarostworowska.eu\/wp-content\/uploads\/2025\/10\/D78_3930-200x300.jpg 200w\" sizes=\"auto, (max-width: 681px) 100vw, 681px\" \/><\/figure>\n\n\n\n<figure class=\"wp-block-image size-large\"><img loading=\"lazy\" decoding=\"async\" width=\"1024\" height=\"681\" data-id=\"76\" src=\"https:\/\/izarostworowska.eu\/wp-content\/uploads\/2025\/10\/D78_3988.jpg\" alt=\"\" class=\"wp-image-76\" srcset=\"https:\/\/izarostworowska.eu\/wp-content\/uploads\/2025\/10\/D78_3988.jpg 1024w, https:\/\/izarostworowska.eu\/wp-content\/uploads\/2025\/10\/D78_3988-300x200.jpg 300w, https:\/\/izarostworowska.eu\/wp-content\/uploads\/2025\/10\/D78_3988-768x511.jpg 768w\" sizes=\"auto, (max-width: 1024px) 100vw, 1024px\" \/><\/figure>\n\n\n\n<figure class=\"wp-block-image size-large\"><img loading=\"lazy\" decoding=\"async\" width=\"681\" height=\"1024\" data-id=\"72\" src=\"https:\/\/izarostworowska.eu\/wp-content\/uploads\/2025\/10\/D78_3940.jpg\" alt=\"\" class=\"wp-image-72\" srcset=\"https:\/\/izarostworowska.eu\/wp-content\/uploads\/2025\/10\/D78_3940.jpg 681w, https:\/\/izarostworowska.eu\/wp-content\/uploads\/2025\/10\/D78_3940-200x300.jpg 200w\" sizes=\"auto, (max-width: 681px) 100vw, 681px\" \/><\/figure>\n\n\n\n<figure class=\"wp-block-image size-large\"><img loading=\"lazy\" decoding=\"async\" width=\"1024\" height=\"681\" data-id=\"73\" src=\"https:\/\/izarostworowska.eu\/wp-content\/uploads\/2025\/10\/D78_3969.jpg\" alt=\"\" class=\"wp-image-73\" srcset=\"https:\/\/izarostworowska.eu\/wp-content\/uploads\/2025\/10\/D78_3969.jpg 1024w, https:\/\/izarostworowska.eu\/wp-content\/uploads\/2025\/10\/D78_3969-300x200.jpg 300w, https:\/\/izarostworowska.eu\/wp-content\/uploads\/2025\/10\/D78_3969-768x511.jpg 768w\" sizes=\"auto, (max-width: 1024px) 100vw, 1024px\" \/><\/figure>\n\n\n\n<figure class=\"wp-block-image size-large\"><img loading=\"lazy\" decoding=\"async\" width=\"1024\" height=\"681\" data-id=\"74\" src=\"https:\/\/izarostworowska.eu\/wp-content\/uploads\/2025\/10\/D78_3980.jpg\" alt=\"\" class=\"wp-image-74\" srcset=\"https:\/\/izarostworowska.eu\/wp-content\/uploads\/2025\/10\/D78_3980.jpg 1024w, https:\/\/izarostworowska.eu\/wp-content\/uploads\/2025\/10\/D78_3980-300x200.jpg 300w, https:\/\/izarostworowska.eu\/wp-content\/uploads\/2025\/10\/D78_3980-768x511.jpg 768w\" sizes=\"auto, (max-width: 1024px) 100vw, 1024px\" \/><\/figure>\n\n\n\n<figure class=\"wp-block-image size-large\"><img loading=\"lazy\" decoding=\"async\" width=\"1024\" height=\"681\" data-id=\"77\" src=\"https:\/\/izarostworowska.eu\/wp-content\/uploads\/2025\/10\/D78_3989.jpg\" alt=\"\" class=\"wp-image-77\" srcset=\"https:\/\/izarostworowska.eu\/wp-content\/uploads\/2025\/10\/D78_3989.jpg 1024w, https:\/\/izarostworowska.eu\/wp-content\/uploads\/2025\/10\/D78_3989-300x200.jpg 300w, https:\/\/izarostworowska.eu\/wp-content\/uploads\/2025\/10\/D78_3989-768x511.jpg 768w\" sizes=\"auto, (max-width: 1024px) 100vw, 1024px\" \/><\/figure>\n\n\n\n<figure class=\"wp-block-image size-large\"><img loading=\"lazy\" decoding=\"async\" width=\"1024\" height=\"681\" data-id=\"78\" src=\"https:\/\/izarostworowska.eu\/wp-content\/uploads\/2025\/10\/D78_4018.jpg\" alt=\"\" class=\"wp-image-78\" srcset=\"https:\/\/izarostworowska.eu\/wp-content\/uploads\/2025\/10\/D78_4018.jpg 1024w, https:\/\/izarostworowska.eu\/wp-content\/uploads\/2025\/10\/D78_4018-300x200.jpg 300w, https:\/\/izarostworowska.eu\/wp-content\/uploads\/2025\/10\/D78_4018-768x511.jpg 768w\" sizes=\"auto, (max-width: 1024px) 100vw, 1024px\" \/><\/figure>\n\n\n\n<figure class=\"wp-block-image size-large\"><img loading=\"lazy\" decoding=\"async\" width=\"1024\" height=\"681\" data-id=\"79\" src=\"https:\/\/izarostworowska.eu\/wp-content\/uploads\/2025\/10\/D78_4050.jpg\" alt=\"\" class=\"wp-image-79\" srcset=\"https:\/\/izarostworowska.eu\/wp-content\/uploads\/2025\/10\/D78_4050.jpg 1024w, https:\/\/izarostworowska.eu\/wp-content\/uploads\/2025\/10\/D78_4050-300x200.jpg 300w, https:\/\/izarostworowska.eu\/wp-content\/uploads\/2025\/10\/D78_4050-768x511.jpg 768w\" sizes=\"auto, (max-width: 1024px) 100vw, 1024px\" \/><\/figure>\n\n\n\n<figure class=\"wp-block-image size-large\"><img loading=\"lazy\" decoding=\"async\" width=\"1024\" height=\"681\" data-id=\"80\" src=\"https:\/\/izarostworowska.eu\/wp-content\/uploads\/2025\/10\/D78_4063.jpg\" alt=\"\" class=\"wp-image-80\" srcset=\"https:\/\/izarostworowska.eu\/wp-content\/uploads\/2025\/10\/D78_4063.jpg 1024w, https:\/\/izarostworowska.eu\/wp-content\/uploads\/2025\/10\/D78_4063-300x200.jpg 300w, https:\/\/izarostworowska.eu\/wp-content\/uploads\/2025\/10\/D78_4063-768x511.jpg 768w\" sizes=\"auto, (max-width: 1024px) 100vw, 1024px\" \/><\/figure>\n\n\n\n<figure class=\"wp-block-image size-large\"><img loading=\"lazy\" decoding=\"async\" width=\"1024\" height=\"681\" data-id=\"81\" src=\"https:\/\/izarostworowska.eu\/wp-content\/uploads\/2025\/10\/D78_4092.jpg\" alt=\"\" class=\"wp-image-81\" srcset=\"https:\/\/izarostworowska.eu\/wp-content\/uploads\/2025\/10\/D78_4092.jpg 1024w, https:\/\/izarostworowska.eu\/wp-content\/uploads\/2025\/10\/D78_4092-300x200.jpg 300w, https:\/\/izarostworowska.eu\/wp-content\/uploads\/2025\/10\/D78_4092-768x511.jpg 768w\" sizes=\"auto, (max-width: 1024px) 100vw, 1024px\" \/><\/figure>\n\n\n\n<figure class=\"wp-block-image size-large\"><img loading=\"lazy\" decoding=\"async\" width=\"681\" height=\"1024\" data-id=\"82\" src=\"https:\/\/izarostworowska.eu\/wp-content\/uploads\/2025\/10\/D78_4114.jpg\" alt=\"\" class=\"wp-image-82\" srcset=\"https:\/\/izarostworowska.eu\/wp-content\/uploads\/2025\/10\/D78_4114.jpg 681w, https:\/\/izarostworowska.eu\/wp-content\/uploads\/2025\/10\/D78_4114-200x300.jpg 200w\" sizes=\"auto, (max-width: 681px) 100vw, 681px\" \/><\/figure>\n\n\n\n<figure class=\"wp-block-image size-large\"><img loading=\"lazy\" decoding=\"async\" width=\"681\" height=\"1024\" data-id=\"83\" src=\"https:\/\/izarostworowska.eu\/wp-content\/uploads\/2025\/10\/D78_4117.jpg\" alt=\"\" class=\"wp-image-83\" srcset=\"https:\/\/izarostworowska.eu\/wp-content\/uploads\/2025\/10\/D78_4117.jpg 681w, https:\/\/izarostworowska.eu\/wp-content\/uploads\/2025\/10\/D78_4117-200x300.jpg 200w\" sizes=\"auto, (max-width: 681px) 100vw, 681px\" \/><\/figure>\n\n\n\n<figure class=\"wp-block-image size-large\"><img loading=\"lazy\" decoding=\"async\" width=\"681\" height=\"1024\" data-id=\"84\" src=\"https:\/\/izarostworowska.eu\/wp-content\/uploads\/2025\/10\/D78_3850.jpg\" alt=\"\" class=\"wp-image-84\" srcset=\"https:\/\/izarostworowska.eu\/wp-content\/uploads\/2025\/10\/D78_3850.jpg 681w, https:\/\/izarostworowska.eu\/wp-content\/uploads\/2025\/10\/D78_3850-200x300.jpg 200w\" sizes=\"auto, (max-width: 681px) 100vw, 681px\" \/><\/figure>\n\n\n\n<figure class=\"wp-block-image size-large\"><img loading=\"lazy\" decoding=\"async\" width=\"681\" height=\"1024\" data-id=\"85\" src=\"https:\/\/izarostworowska.eu\/wp-content\/uploads\/2025\/10\/D78_3854.jpg\" alt=\"\" class=\"wp-image-85\" srcset=\"https:\/\/izarostworowska.eu\/wp-content\/uploads\/2025\/10\/D78_3854.jpg 681w, https:\/\/izarostworowska.eu\/wp-content\/uploads\/2025\/10\/D78_3854-200x300.jpg 200w\" sizes=\"auto, (max-width: 681px) 100vw, 681px\" \/><\/figure>\n\n\n\n<figure class=\"wp-block-image size-large\"><img loading=\"lazy\" decoding=\"async\" width=\"681\" height=\"1024\" data-id=\"86\" src=\"https:\/\/izarostworowska.eu\/wp-content\/uploads\/2025\/10\/D78_3863.jpg\" alt=\"\" class=\"wp-image-86\" srcset=\"https:\/\/izarostworowska.eu\/wp-content\/uploads\/2025\/10\/D78_3863.jpg 681w, https:\/\/izarostworowska.eu\/wp-content\/uploads\/2025\/10\/D78_3863-200x300.jpg 200w\" sizes=\"auto, (max-width: 681px) 100vw, 681px\" \/><\/figure>\n\n\n\n<figure class=\"wp-block-image size-large\"><img loading=\"lazy\" decoding=\"async\" width=\"681\" height=\"1024\" data-id=\"87\" src=\"https:\/\/izarostworowska.eu\/wp-content\/uploads\/2025\/10\/D78_3873.jpg\" alt=\"\" class=\"wp-image-87\" srcset=\"https:\/\/izarostworowska.eu\/wp-content\/uploads\/2025\/10\/D78_3873.jpg 681w, https:\/\/izarostworowska.eu\/wp-content\/uploads\/2025\/10\/D78_3873-200x300.jpg 200w\" sizes=\"auto, (max-width: 681px) 100vw, 681px\" \/><\/figure>\n\n\n\n<figure class=\"wp-block-image size-large\"><img loading=\"lazy\" decoding=\"async\" width=\"681\" height=\"1024\" data-id=\"88\" src=\"https:\/\/izarostworowska.eu\/wp-content\/uploads\/2025\/10\/D78_3883.jpg\" alt=\"\" class=\"wp-image-88\" srcset=\"https:\/\/izarostworowska.eu\/wp-content\/uploads\/2025\/10\/D78_3883.jpg 681w, https:\/\/izarostworowska.eu\/wp-content\/uploads\/2025\/10\/D78_3883-200x300.jpg 200w\" sizes=\"auto, (max-width: 681px) 100vw, 681px\" \/><\/figure>\n\n\n\n<figure class=\"wp-block-image size-large\"><img loading=\"lazy\" decoding=\"async\" width=\"681\" height=\"1024\" data-id=\"89\" src=\"https:\/\/izarostworowska.eu\/wp-content\/uploads\/2025\/10\/D78_3904.jpg\" alt=\"\" class=\"wp-image-89\" srcset=\"https:\/\/izarostworowska.eu\/wp-content\/uploads\/2025\/10\/D78_3904.jpg 681w, https:\/\/izarostworowska.eu\/wp-content\/uploads\/2025\/10\/D78_3904-200x300.jpg 200w\" sizes=\"auto, (max-width: 681px) 100vw, 681px\" \/><\/figure>\n\n\n\n<figure class=\"wp-block-image size-large\"><img loading=\"lazy\" decoding=\"async\" width=\"681\" height=\"1024\" data-id=\"90\" src=\"https:\/\/izarostworowska.eu\/wp-content\/uploads\/2025\/10\/D78_3916.jpg\" alt=\"\" class=\"wp-image-90\" srcset=\"https:\/\/izarostworowska.eu\/wp-content\/uploads\/2025\/10\/D78_3916.jpg 681w, https:\/\/izarostworowska.eu\/wp-content\/uploads\/2025\/10\/D78_3916-200x300.jpg 200w\" sizes=\"auto, (max-width: 681px) 100vw, 681px\" \/><\/figure>\n\n\n\n<figure class=\"wp-block-image size-large\"><img loading=\"lazy\" decoding=\"async\" width=\"681\" height=\"1024\" data-id=\"91\" src=\"https:\/\/izarostworowska.eu\/wp-content\/uploads\/2025\/10\/D78_3917.jpg\" alt=\"\" class=\"wp-image-91\" srcset=\"https:\/\/izarostworowska.eu\/wp-content\/uploads\/2025\/10\/D78_3917.jpg 681w, https:\/\/izarostworowska.eu\/wp-content\/uploads\/2025\/10\/D78_3917-200x300.jpg 200w\" sizes=\"auto, (max-width: 681px) 100vw, 681px\" \/><\/figure>\n<\/figure>\n<\/div>\n<\/div>\n\n\n\n<div class=\"wp-block-column is-layout-flow wp-block-column-is-layout-flow\" style=\"flex-basis:35%\">\n<div class=\"wp-block-group is-vertical is-content-justification-stretch is-nowrap is-layout-flex wp-container-core-group-is-layout-73b0033c wp-block-group-is-layout-flex\">\n<figure class=\"wp-block-image size-full\"><img loading=\"lazy\" decoding=\"async\" width=\"1703\" height=\"2560\" src=\"https:\/\/izarostworowska.eu\/wp-content\/uploads\/2024\/11\/D78_3930-scaled.jpg\" alt=\"\" class=\"wp-image-9\" style=\"aspect-ratio:3\/4;object-fit:cover\" srcset=\"https:\/\/izarostworowska.eu\/wp-content\/uploads\/2024\/11\/D78_3930-scaled.jpg 1703w, https:\/\/izarostworowska.eu\/wp-content\/uploads\/2024\/11\/D78_3930-200x300.jpg 200w, https:\/\/izarostworowska.eu\/wp-content\/uploads\/2024\/11\/D78_3930-681x1024.jpg 681w, https:\/\/izarostworowska.eu\/wp-content\/uploads\/2024\/11\/D78_3930-768x1154.jpg 768w, https:\/\/izarostworowska.eu\/wp-content\/uploads\/2024\/11\/D78_3930-1022x1536.jpg 1022w, https:\/\/izarostworowska.eu\/wp-content\/uploads\/2024\/11\/D78_3930-1363x2048.jpg 1363w\" sizes=\"auto, (max-width: 1703px) 100vw, 1703px\" \/><\/figure>\n\n\n\n<p class=\"has-text-align-right has-x-large-font-size\" style=\"line-height:1.2\"><a href=\"mailto:info@izarostworowska.eu\" data-type=\"link\" data-id=\"https:\/\/izarostworowska.eu\/?page_id=16&amp;preview=true\" target=\"_blank\" rel=\"noreferrer noopener nofollow\">Wy\u015blij wiadomo\u015b\u0107<\/a><\/p>\n<\/div>\n<\/div>\n<\/div>\n<\/div><\/div>\n\n\n\n<p><\/p>\n","protected":false},"excerpt":{"rendered":"","protected":false},"author":1,"featured_media":0,"parent":0,"menu_order":0,"comment_status":"closed","ping_status":"closed","template":"","meta":{"footnotes":""},"class_list":["post-7","page","type-page","status-publish","hentry"],"_links":{"self":[{"href":"https:\/\/izarostworowska.eu\/index.php?rest_route=\/wp\/v2\/pages\/7","targetHints":{"allow":["GET"]}}],"collection":[{"href":"https:\/\/izarostworowska.eu\/index.php?rest_route=\/wp\/v2\/pages"}],"about":[{"href":"https:\/\/izarostworowska.eu\/index.php?rest_route=\/wp\/v2\/types\/page"}],"author":[{"embeddable":true,"href":"https:\/\/izarostworowska.eu\/index.php?rest_route=\/wp\/v2\/users\/1"}],"replies":[{"embeddable":true,"href":"https:\/\/izarostworowska.eu\/index.php?rest_route=%2Fwp%2Fv2%2Fcomments&post=7"}],"version-history":[{"count":12,"href":"https:\/\/izarostworowska.eu\/index.php?rest_route=\/wp\/v2\/pages\/7\/revisions"}],"predecessor-version":[{"id":94,"href":"https:\/\/izarostworowska.eu\/index.php?rest_route=\/wp\/v2\/pages\/7\/revisions\/94"}],"wp:attachment":[{"href":"https:\/\/izarostworowska.eu\/index.php?rest_route=%2Fwp%2Fv2%2Fmedia&parent=7"}],"curies":[{"name":"wp","href":"https:\/\/api.w.org\/{rel}","templated":true}]}}